{"id":24,"date":"2020-04-04T19:21:56","date_gmt":"2020-04-04T18:21:56","guid":{"rendered":"https:\/\/4oszlop.hu\/?page_id=24"},"modified":"2020-05-18T21:53:57","modified_gmt":"2020-05-18T20:53:57","slug":"bemutatkozas","status":"publish","type":"page","link":"https:\/\/4oszlop.hu\/index.php\/bemutatkozas\/","title":{"rendered":"Bemutatkoz\u00e1s"},"content":{"rendered":"\n<p class=\"has-medium-font-size\"><strong>Mit jelent a 4oszlop?<\/strong><\/p>\n\n\n\n<div class=\"wp-block-image\"><figure class=\"alignright size-large is-resized\"><img loading=\"lazy\" decoding=\"async\" src=\"https:\/\/4oszlop.hu\/wp-content\/uploads\/2020\/04\/Paracelsus-felt\u00f6lt\u00e9shez.jpg\" alt=\"\" class=\"wp-image-95\" width=\"283\" height=\"327\"\/><\/figure><\/div>\n\n\n\n<p class=\"has-text-align-left\">Paracelsus szerint &#8211; aki a Nyugat tal\u00e1n utols\u00f3 nagy misztikus orvosa volt &#8211; az orvosl\u00e1snak n\u00e9gy oszlopon kell nyugodnia, ha a c\u00e9lunk a val\u00f3di gy\u00f3gy\u00edt\u00e1s, s az orvosl\u00e1st val\u00f3ban tudom\u00e1nynak, m\u0171v\u00e9szetnek, h\u00edvat\u00e1snak \u00e9s \u00e9let\u00fatnak tekintj\u00fck.&nbsp; Ez a n\u00e9gy oszlop a Filoz\u00f3fia, Asztrol\u00f3gia, Alk\u00edmia \u00e9s Etika. A Filoz\u00f3fia a B\u00f6lcsess\u00e9g szeretet\u00e9t \u00e9s az ahhoz val\u00f3 ragaszkod\u00e1st jelenti, helyes szeml\u00e9letre tan\u00edt, s \u00edgy szil\u00e1rd alapja is az orvosl\u00e1snak. Az Asztrol\u00f3gia a Hasonl\u00f3s\u00e1g t\u00f6rv\u00e9ny\u00e9ben \u00e9s Szimmetri\u00e1kban \u00e9rhet\u0151 nyomon. Az Alk\u00edmia az \u00c1tl\u00e9nyeg\u00fcl\u00e9ssel foglalkozik, mely jelen van legh\u00e9tk\u00f6znapibb jelens\u00e9gekt\u0151l kezdve a legrejtettebbig egyar\u00e1nt. Az Etika pedig az, ami n\u00e9lk\u00fcl az eg\u00e9sz egy fabatk\u00e1t sem \u00e9r, nem v\u00e9letlen, hogy egyben \u201ez\u00e1r\u00f3k\u00f6ve\u201d, koron\u00e1ja is a t\u00f6bbinek. <\/p>\n\n\n\n<p>Nincs sz\u00f3 a \u201etechn\u00e9\u201d-r\u0151l, azaz nem att\u00f3l leszel j\u00f3 orvos, ha biztos k\u00e9zzel tudsz kopogtatni, s lecsapolni egy mellkasi folyad\u00e9kgy\u00fclemet, vagy k\u00fcl\u00f6n\u00f6sebb gond n\u00e9lk\u00fcl meg tudod sz\u00farni a Gy1-t (Chen Qi: a szemgoly\u00f3 \u00e9s a szemg\u00f6d\u00f6r als\u00f3 pereme k\u00f6z\u00f6tti akupunkt\u00far\u00e1s pont)! Ez mind nagyszer\u0171 j\u00e1rtass\u00e1g, \u00e1m ennek megszerz\u00e9se, illetve gyakorl\u00e1sa (hogy a kez\u00fcnk egyre biztosabb legyen) egy hivat\u00e1sn\u00e1l ink\u00e1bb az alapk\u00f6vetelm\u00e9ny, semmik\u00e9ppen sem jelenti a v\u00e9gs\u0151 c\u00e9lt.<\/p>\n\n\n\n<p class=\"has-medium-font-size\"><strong>Mivel is foglalkozom? Mire t\u00f6rekszem?<\/strong><\/p>\n\n\n\n<ul><li>Belgy\u00f3gy\u00e1sz szakorvosk\u00e9nt a beteg\u00e1gy mellett kell\u0151 d\u00f3zisban tapasztalom a \u201ej\u00f3zan\u201d val\u00f3s\u00e1got, a sokszor bonyolultabb, kih\u00edv\u00e1st jelent\u0151, olykor \u00e9letet vesz\u00e9lyeztet\u0151 helyzeteket. Kell\u0151en edzi a realit\u00e1s \u00e9rz\u00e9ket!<\/li><li>Akupunkt\u0151rk\u00e9nt j\u00f3 betekinteni egy olyan vil\u00e1gba, ahol a funkci\u00f3 megel\u0151zi a form\u00e1t, azaz ahol m\u00e9g a durva fizikai t\u00fcnetek megjelen\u00e9se el\u0151tt m\u00e1r tudunk kezelni \u00e9s \u00edgy megel\u0151zni is! A betegek nem ritk\u00e1n azonnali v\u00e1ltoz\u00e1sr\u00f3l sz\u00e1molnak be t\u00fcneteikn\u00e9l, enn\u00e9l t\u00f6bb \u201eevidence-base\u201d-re nincs is sz\u00fcks\u00e9gem a m\u00f3dszer hasznoss\u00e1g\u00e1t illet\u0151en\u2026<\/li><li>Ha van Nyugati \u00e9s Keleti orvosl\u00e1s, kell lennie \u00c9szakinak \u00e9s D\u00e9linek is\u2026 Azaz meg kell pr\u00f3b\u00e1lnunk minden lehets\u00e9ges eszk\u00f6zzel azon lenni, hogy seg\u00edts\u00fcnk, legyen az ak\u00e1r egy szi\u00fa indi\u00e1n tan\u00e1csa, arab orvosl\u00e1s, fitoter\u00e1pia, manu\u00e1lter\u00e1pia, homeop\u00e1tia, n\u00e9pi medicina, vagy b\u00e1rmi, ami m\u0171k\u00f6dik! Ez jelent\u0151s kutat\u00f3munk\u00e1t, nyitotts\u00e1got, eklekticizmust \u00e9s szintetiz\u00e1l\u00f3 szeml\u00e9letet ig\u00e9nyel, melyek egyidej\u0171 megval\u00f3s\u00edt\u00e1sa a napi rutinban meglehet\u0151sen komplik\u00e1lt. Legjobb, ha van hozz\u00e1 egy vez\u00e9rfonalunk! De hov\u00e1 is tettem azt a bizonyos gombolyagot m\u00e1r megint \u2026 \ud83d\ude42<\/li><li>Aikido gyakorl\u00f3k\u00e9nt \u00f6nmagunkon is kipr\u00f3b\u00e1lhatjuk a fentebbieket m\u0171k\u00f6dtet\u0151 Term\u00e9szeti T\u00f6rv\u00e9nyeket, gazdag\u00edtva k\u00f6zvetlen tapasztal\u00e1sainkat.<\/li><\/ul>\n\n\n\n<p>Menn\u00e9l jobban belem\u00e9lyedek az eml\u00edtett t\u00e9m\u00e1kba, ann\u00e1l ink\u00e1bb vil\u00e1gosabb, hogy az \u00datnak m\u00e9g igencsak az elej\u00e9n j\u00e1rok! A kezdeti l\u00e9p\u00e9seken t\u00fal, &#8220;felv\u00e9ve az utaz\u00f3sebess\u00e9get&#8221;, a k\u00f6vetkez\u0151 l\u00e9pcs\u0151fok a kavarg\u00f3 gondolatok, sejt\u00e9sek \u00e9s tapasztalatok oly m\u00e9rt\u00e9k\u0171 \u00f6sszekov\u00e1csol\u00e1sa, hogy a kapott \u00f6tv\u00f6zet megb\u00edzhat\u00f3an seg\u00edtse az \u00c9letet, s ha csak egy kicsit is, de hozz\u00e1tegyen egy \u00daj orvosl\u00e1s alapjaihoz!<\/p>\n ","protected":false},"excerpt":{"rendered":"<p>Mit jelent a 4oszlop? Paracelsus szerint &#8211; aki a Nyugat tal\u00e1n utols\u00f3 nagy misztikus orvosa volt &#8211; az orvosl\u00e1snak n\u00e9gy oszlopon kell nyugodnia, ha a c\u00e9lunk a val\u00f3di gy\u00f3gy\u00edt\u00e1s, s az orvosl\u00e1st val\u00f3ban tudom\u00e1nynak, m\u0171v\u00e9szetnek, h\u00edvat\u00e1snak \u00e9s \u00e9let\u00fatnak tekintj\u00fck.&nbsp; Ez a n\u00e9gy oszlop a Filoz\u00f3fia, Asztrol\u00f3gia, Alk\u00edmia \u00e9s Etika. A Filoz\u00f3fia a B\u00f6lcsess\u00e9g szeretet\u00e9t \u00e9s <a class=\"read-more\" href=\"https:\/\/4oszlop.hu\/index.php\/bemutatkozas\/\">Read More<\/a><\/p>\n","protected":false},"author":1,"featured_media":0,"parent":0,"menu_order":0,"comment_status":"closed","ping_status":"closed","template":"","meta":{"footnotes":""},"_links":{"self":[{"href":"https:\/\/4oszlop.hu\/index.php\/wp-json\/wp\/v2\/pages\/24"}],"collection":[{"href":"https:\/\/4oszlop.hu\/index.php\/wp-json\/wp\/v2\/pages"}],"about":[{"href":"https:\/\/4oszlop.hu\/index.php\/wp-json\/wp\/v2\/types\/page"}],"author":[{"embeddable":true,"href":"https:\/\/4oszlop.hu\/index.php\/wp-json\/wp\/v2\/users\/1"}],"replies":[{"embeddable":true,"href":"https:\/\/4oszlop.hu\/index.php\/wp-json\/wp\/v2\/comments?post=24"}],"version-history":[{"count":10,"href":"https:\/\/4oszlop.hu\/index.php\/wp-json\/wp\/v2\/pages\/24\/revisions"}],"predecessor-version":[{"id":200,"href":"https:\/\/4oszlop.hu\/index.php\/wp-json\/wp\/v2\/pages\/24\/revisions\/200"}],"wp:attachment":[{"href":"https:\/\/4oszlop.hu\/index.php\/wp-json\/wp\/v2\/media?parent=24"}],"curies":[{"name":"wp","href":"https:\/\/api.w.org\/{rel}","templated":true}]}}