{"id":28,"date":"2020-04-04T20:36:31","date_gmt":"2020-04-04T19:36:31","guid":{"rendered":"https:\/\/4oszlop.hu\/?page_id=28"},"modified":"2020-06-07T21:54:53","modified_gmt":"2020-06-07T20:54:53","slug":"blog","status":"publish","type":"page","link":"https:\/\/4oszlop.hu\/index.php\/blog\/","title":{"rendered":"Blog"},"content":{"rendered":"<ul class=\"wp-block-latest-posts__list has-dates wp-block-latest-posts\"><li><a class=\"wp-block-latest-posts__post-title\" href=\"https:\/\/4oszlop.hu\/index.php\/2021\/06\/15\/akupunktura-es-a-tortenelem\/\">Akupunkt\u00fara \u00e9s a t\u00f6rt\u00e9nelem<\/a><time datetime=\"2021-06-15T00:00:51+01:00\" class=\"wp-block-latest-posts__post-date\">June 15, 2021<\/time><div class=\"wp-block-latest-posts__post-excerpt\">hogyan lehet hasznunkra a t\u00f6rt\u00e9nelem tanulm\u00e1nyoz\u00e1sa gy\u00f3gy\u00edt\u00f3 munk\u00e1nk sor\u00e1n?<\/div><\/li>\n<li><a class=\"wp-block-latest-posts__post-title\" href=\"https:\/\/4oszlop.hu\/index.php\/2021\/05\/20\/a-viszketesrol\/\">A viszket\u00e9sr\u0151l<\/a><time datetime=\"2021-05-20T18:38:41+01:00\" class=\"wp-block-latest-posts__post-date\">May 20, 2021<\/time><div class=\"wp-block-latest-posts__post-excerpt\">&#8220;Az ember megtanul ott viszketni, ahol vakar\u00f3zni is tud&#8221; &#8211; Ernest Bramah<\/div><\/li>\n<li><a class=\"wp-block-latest-posts__post-title\" href=\"https:\/\/4oszlop.hu\/index.php\/2021\/03\/19\/a-gyogyitas-melysegei\/\">A Gy\u00f3gy\u00edt\u00e1s m\u00e9lys\u00e9gei<\/a><time datetime=\"2021-03-19T21:03:38+01:00\" class=\"wp-block-latest-posts__post-date\">March 19, 2021<\/time><div class=\"wp-block-latest-posts__post-excerpt\">Milyen dimenzi\u00f3kat adnak a hagyom\u00e1nyos jap\u00e1n harcm\u0171v\u00e9szetek az orvosi tev\u00e9kenys\u00e9g\u00fcnkh\u00f6z?<\/div><\/li>\n<li><a class=\"wp-block-latest-posts__post-title\" href=\"https:\/\/4oszlop.hu\/index.php\/2021\/03\/14\/xi-pontok-hasznalata-mozgasszervi-fajdalmaknal\/\">Xi pontok haszn\u00e1lata mozg\u00e1sszervi f\u00e1jdalmakn\u00e1l<\/a><time datetime=\"2021-03-14T13:03:32+01:00\" class=\"wp-block-latest-posts__post-date\">March 14, 2021<\/time><div class=\"wp-block-latest-posts__post-excerpt\">Egyszer\u0171 m\u00f3dszer a Xi pontok haszn\u00e1lat\u00e1hoz, f\u00e1jdalomcsillap\u00edt\u00e1sra<\/div><\/li>\n<li><a class=\"wp-block-latest-posts__post-title\" href=\"https:\/\/4oszlop.hu\/index.php\/2021\/02\/26\/hovirag-galanthus-nivalis\/\">H\u00f3vir\u00e1g (Galanthus nivalis)<\/a><time datetime=\"2021-02-26T01:04:11+01:00\" class=\"wp-block-latest-posts__post-date\">February 26, 2021<\/time><div class=\"wp-block-latest-posts__post-excerpt\">Vajon miben rejlik a h\u00f3vir\u00e1g sz\u00e9ps\u00e9ge \u00e9s esszenci\u00e1ja?<\/div><\/li>\n<li><a class=\"wp-block-latest-posts__post-title\" href=\"https:\/\/4oszlop.hu\/index.php\/2021\/01\/17\/mire-tanit-a-betegseg-i-resz\/\">Mire tan\u00edt a betegs\u00e9g? I. r\u00e9sz<\/a><time datetime=\"2021-01-17T16:11:26+01:00\" class=\"wp-block-latest-posts__post-date\">January 17, 2021<\/time><div class=\"wp-block-latest-posts__post-excerpt\">Mire tan\u00edt minket a betegs\u00e9gekkel kapcsolatban Od\u00fcsszeusz lelem\u00e9nyess\u00e9ge?<\/div><\/li>\n<li><a class=\"wp-block-latest-posts__post-title\" href=\"https:\/\/4oszlop.hu\/index.php\/2020\/12\/19\/gyogyszerhatasok-kisszotara\/\">Gy\u00f3gyszerhat\u00e1sok kissz\u00f3t\u00e1ra<\/a><time datetime=\"2020-12-19T23:45:16+01:00\" class=\"wp-block-latest-posts__post-date\">December 19, 2020<\/time><div class=\"wp-block-latest-posts__post-excerpt\">Gy\u00f3gyhat\u00e1s\u00fa anyagok (gy\u00f3gyszer, gy\u00f3gyn\u00f6v\u00e9ny, stb.) allop\u00e1ti\u00e1s hat\u00e1sainak klasszikus nevez\u00e9ktana.<\/div><\/li>\n<li><a class=\"wp-block-latest-posts__post-title\" href=\"https:\/\/4oszlop.hu\/index.php\/2020\/11\/29\/zold-es-a-sziv\/\">Z\u00f6ld \u00e9s a Sz\u00edv<\/a><time datetime=\"2020-11-29T01:02:11+01:00\" class=\"wp-block-latest-posts__post-date\">November 29, 2020<\/time><div class=\"wp-block-latest-posts__post-excerpt\">A z\u00f6ld sz\u00edn \u00e9s a sz\u00edv kapcsolat\u00e1r\u00f3l r\u00f6viden<\/div><\/li>\n<li><a class=\"wp-block-latest-posts__post-title\" href=\"https:\/\/4oszlop.hu\/index.php\/2020\/11\/14\/egy-szazad-eleji-orvos-tanacsai-a-ma-emberenek\/\">Egy sz\u00e1zad eleji orvos tan\u00e1csai a ma ember\u00e9nek<\/a><time datetime=\"2020-11-14T22:52:32+01:00\" class=\"wp-block-latest-posts__post-date\">November 14, 2020<\/time><div class=\"wp-block-latest-posts__post-excerpt\">120 \u00e9vvel ezel\u0151tt ugyanolyan konkr\u00e9t probl\u00e9m\u00e1kkal k\u00fczd\u00f6tt a \u201emodern\u201d emberis\u00e9g, mint manaps\u00e1g. Vajon kell-e m\u00e9g 120 \u00e9v, hogy felfedezz\u00fck a gy\u00f3gy\u00edrt civiliz\u00e1ci\u00f3s \u00e1rtalmainkra? N\u00e9h\u00e1ny j\u00f3tan\u00e1cs Dr. Bucs\u00e1nyi Gyula toll\u00e1b\u00f3l!<\/div><\/li>\n<li><a class=\"wp-block-latest-posts__post-title\" href=\"https:\/\/4oszlop.hu\/index.php\/2020\/10\/25\/a-laz-barat-vagy-ellenseg\/\">A l\u00e1z &#8211; bar\u00e1t, vagy ellens\u00e9g?<\/a><time datetime=\"2020-10-25T23:47:06+01:00\" class=\"wp-block-latest-posts__post-date\">October 25, 2020<\/time><div class=\"wp-block-latest-posts__post-excerpt\">Csillap\u00edtsuk-e a l\u00e1zat?<\/div><\/li>\n<li><a class=\"wp-block-latest-posts__post-title\" href=\"https:\/\/4oszlop.hu\/index.php\/2020\/10\/06\/gyogyszer-a-termeszetbol\/\">Gy\u00f3gyszer a Term\u00e9szetb\u0151l<\/a><time datetime=\"2020-10-06T22:50:09+01:00\" class=\"wp-block-latest-posts__post-date\">October 6, 2020<\/time><div class=\"wp-block-latest-posts__post-excerpt\">&#8220;Benn\u00fcnk is ugyanaz van, mint a vil\u00e1gmindens\u00e9gben: f\u00e9ny \u00e9s s\u00f6t\u00e9ts\u00e9g, \u00e9s k\u00e9pesek is vagyunk mindkett\u0151 megteremt\u00e9s\u00e9re.&#8221; Delia Steinberg Guzm\u00e1n: \u00c1rny\u00e9kaink megvil\u00e1g\u00edt\u00e1sa<\/div><\/li>\n<li><a class=\"wp-block-latest-posts__post-title\" href=\"https:\/\/4oszlop.hu\/index.php\/2020\/09\/16\/helyes-e-a-meridian-elnevezes\/\">Helyes-e a &#8220;Meridi\u00e1n&#8221; elnevez\u00e9s?<\/a><time datetime=\"2020-09-16T00:08:02+01:00\" class=\"wp-block-latest-posts__post-date\">September 16, 2020<\/time><div class=\"wp-block-latest-posts__post-excerpt\">Mire utal az energiacsatorn\u00e1k &#8220;Meridi\u00e1n&#8221; elnevez\u00e9se?<\/div><\/li>\n<li><a class=\"wp-block-latest-posts__post-title\" href=\"https:\/\/4oszlop.hu\/index.php\/2020\/08\/25\/mi-koze-a-meridianoknak-platon-barlanghasonlatahoz\/\">Mi k\u00f6ze a meridi\u00e1noknak Plat\u00f3n barlanghasonlat\u00e1hoz?<\/a><time datetime=\"2020-08-25T22:44:58+01:00\" class=\"wp-block-latest-posts__post-date\">August 25, 2020<\/time><div class=\"wp-block-latest-posts__post-excerpt\">Vajon mi\u00e9rt nem t\u00fckr\u00f6z\u0151dik pontosan a meridi\u00e1nok lefut\u00e1sa az anat\u00f3miai k\u00e9pletekkel? A megold\u00e1s arra a k\u00e9rd\u00e9sre is v\u00e1laszt ad, hogy mi\u00e9rt nem tudjuk boncteremben megmutatni a \u201etitokzatos\u201d energiacsatorn\u00e1kat.<\/div><\/li>\n<li><a class=\"wp-block-latest-posts__post-title\" href=\"https:\/\/4oszlop.hu\/index.php\/2020\/07\/27\/a-magyar-nepi-orvoslas-es-az-akupunktura-iii\/\">A magyar n\u00e9pi orvosl\u00e1s \u00e9s az akupunkt\u00fara III.<\/a><time datetime=\"2020-07-27T21:47:01+01:00\" class=\"wp-block-latest-posts__post-date\">July 27, 2020<\/time><div class=\"wp-block-latest-posts__post-excerpt\">N\u00e9h\u00e1ny sz\u00f6sszenet a kor\u00e1bbi r\u00e9szekhez&#8230;<\/div><\/li>\n<li><a class=\"wp-block-latest-posts__post-title\" href=\"https:\/\/4oszlop.hu\/index.php\/2020\/07\/07\/mi-a-qi\/\">Mi a Qi?<\/a><time datetime=\"2020-07-07T00:11:21+01:00\" class=\"wp-block-latest-posts__post-date\">July 7, 2020<\/time><div class=\"wp-block-latest-posts__post-excerpt\">A Qi, mint szimb\u00f3lum r\u00f6vid elemz\u00e9se (\u00e9s egy kev\u00e9ss\u00e9 ismert szeml\u00e9ltet\u0151 eszk\u00f6z bemutat\u00e1sa.. \ud83d\ude09 )<\/div><\/li>\n<li><a class=\"wp-block-latest-posts__post-title\" href=\"https:\/\/4oszlop.hu\/index.php\/2020\/06\/07\/szabad-e-kezelnunk-a-beteget\/\">Szabad-e kezeln\u00fcnk a beteget?<\/a><time datetime=\"2020-06-07T21:52:01+01:00\" class=\"wp-block-latest-posts__post-date\">June 7, 2020<\/time><div class=\"wp-block-latest-posts__post-excerpt\">Egy beteg kezel\u00e9se vajon nem beavatkoz\u00e1s a Term\u00e9szet rendj\u00e9be?\nMi\u00e9rt kezelj\u00fcnk m\u00e9gis b\u00e1tran!<\/div><\/li>\n<li><a class=\"wp-block-latest-posts__post-title\" href=\"https:\/\/4oszlop.hu\/index.php\/2020\/05\/28\/jegkorszaki-akupunktura\/\">J\u00e9gkorszaki akupunkt\u00fara<\/a><time datetime=\"2020-05-28T23:32:24+01:00\" class=\"wp-block-latest-posts__post-date\">May 28, 2020<\/time><div class=\"wp-block-latest-posts__post-excerpt\">A tiroli j\u00e9gm\u00famia tetov\u00e1l\u00e1sai \u00e9s az akupunkt\u00far\u00e1s pontok kapcsolata<\/div><\/li>\n<li><a class=\"wp-block-latest-posts__post-title\" href=\"https:\/\/4oszlop.hu\/index.php\/2020\/05\/18\/a-magyar-nepi-orvoslas-es-az-akupunktura-ii\/\">A magyar n\u00e9pi orvosl\u00e1s \u00e9s az akupunkt\u00fara II.<\/a><time datetime=\"2020-05-18T21:44:46+01:00\" class=\"wp-block-latest-posts__post-date\">May 18, 2020<\/time><div class=\"wp-block-latest-posts__post-excerpt\">A magyar n\u00e9pi orvosl\u00e1s \u00e9s akupunkt\u00fara kapcsolata &#8211; diagnosztika<\/div><\/li>\n<li><a class=\"wp-block-latest-posts__post-title\" href=\"https:\/\/4oszlop.hu\/index.php\/2020\/05\/08\/kanyazsombor-alliaria-petiolata\/\">K\u00e1nyazsombor (Alliaria petiolata)<\/a><time datetime=\"2020-05-08T16:44:04+01:00\" class=\"wp-block-latest-posts__post-date\">May 8, 2020<\/time><div class=\"wp-block-latest-posts__post-excerpt\">Egy mell\u0151z\u00f6tt &#8220;gyom&#8221; tanuls\u00e1gos t\u00f6rt\u00e9nete \u00e9s felhaszn\u00e1l\u00e1sa<\/div><\/li>\n<li><a class=\"wp-block-latest-posts__post-title\" href=\"https:\/\/4oszlop.hu\/index.php\/2020\/04\/19\/a-magyar-nepi-orvoslas-es-az-akupunktura-i\/\">A magyar n\u00e9pi orvosl\u00e1s \u00e9s az akupunkt\u00fara I.<\/a><time datetime=\"2020-04-19T23:35:18+01:00\" class=\"wp-block-latest-posts__post-date\">April 19, 2020<\/time><div class=\"wp-block-latest-posts__post-excerpt\">&#8220;A muland\u00f3 sz\u00f3t a gyakorlat alk\u00edmiai h\u0151j\u00e9ben Val\u00f3s\u00e1gg\u00e1 kell hev\u00edteni&#8221; &#8211; Szepes M\u00e1ria<\/div><\/li>\n<li><a class=\"wp-block-latest-posts__post-title\" href=\"https:\/\/4oszlop.hu\/index.php\/2020\/04\/08\/az-akupunktura-szerepe-eletunkben\/\">Az akupunkt\u00fara szerepe \u00e9let\u00fcnkben<\/a><time datetime=\"2020-04-08T23:10:08+01:00\" class=\"wp-block-latest-posts__post-date\">April 8, 2020<\/time><div class=\"wp-block-latest-posts__post-excerpt\">Ha meg\u00e1llunk egy pillanatra \u00e9s k\u00f6rben\u00e9z\u00fcnk a vil\u00e1gban, k\u00f6rnyezet\u00fcnkben, v\u00e9gigtekint\u00fcnk napi teend\u0151inken, megpr\u00f3b\u00e1lunk csendben gondolatainkba m\u00e9lyedni, akkor sokunknak hasonl\u00f3 \u00e9rz\u00e9se t\u00e1madhat, \u00e9spedig, hogy vil\u00e1gunk egy felgyorsult ritmust k\u00f6vet. Legt\u00f6bb\u00fcnk vagy az \u00e1rral \u00faszva \u00e9lvezi a sebess\u00e9get, felsz\u00ednes \u00f6r\u00f6m\u00f6kben igyekezve t\u00fal\u00e9lni a mindennapokat, vagy elszenvedi ezt a hajszolt \u00fctemet. Neh\u00e9z megfogni, hogyan alakult ki ez a <a class=\"read-more\" href=\"https:\/\/4oszlop.hu\/index.php\/2020\/04\/08\/az-akupunktura-szerepe-eletunkben\/\">Read More<\/a><\/div><\/li>\n<li><a class=\"wp-block-latest-posts__post-title\" href=\"https:\/\/4oszlop.hu\/index.php\/2020\/04\/04\/jarvanyos-idoszakok-es-a-helyes-hozzaallas\/\">J\u00e1rv\u00e1nyos id\u0151szakok \u00e9s a megfelel\u0151 hozz\u00e1\u00e1ll\u00e1s<\/a><time datetime=\"2020-04-04T22:04:24+01:00\" class=\"wp-block-latest-posts__post-date\">April 4, 2020<\/time><div class=\"wp-block-latest-posts__post-excerpt\">&#8220;Noha a k\u00fclvil\u00e1ggal fontos a b\u00e9k\u00e9s egy\u00fcttm\u0171k\u00f6d\u00e9s, el\u0151fordulhat olyan szitu\u00e1ci\u00f3, amikor a hat\u00e1rok hat\u00e1rozott v\u00e9delme sz\u00fcks\u00e9ges az \u00e1rt\u00f3 er\u0151kkel szemben.&#8221; <\/div><\/li>\n<\/ul> ","protected":false},"excerpt":{"rendered":"","protected":false},"author":1,"featured_media":0,"parent":0,"menu_order":0,"comment_status":"closed","ping_status":"closed","template":"","meta":{"footnotes":""},"_links":{"self":[{"href":"https:\/\/4oszlop.hu\/index.php\/wp-json\/wp\/v2\/pages\/28"}],"collection":[{"href":"https:\/\/4oszlop.hu\/index.php\/wp-json\/wp\/v2\/pages"}],"about":[{"href":"https:\/\/4oszlop.hu\/index.php\/wp-json\/wp\/v2\/types\/page"}],"author":[{"embeddable":true,"href":"https:\/\/4oszlop.hu\/index.php\/wp-json\/wp\/v2\/users\/1"}],"replies":[{"embeddable":true,"href":"https:\/\/4oszlop.hu\/index.php\/wp-json\/wp\/v2\/comments?post=28"}],"version-history":[{"count":10,"href":"https:\/\/4oszlop.hu\/index.php\/wp-json\/wp\/v2\/pages\/28\/revisions"}],"predecessor-version":[{"id":224,"href":"https:\/\/4oszlop.hu\/index.php\/wp-json\/wp\/v2\/pages\/28\/revisions\/224"}],"wp:attachment":[{"href":"https:\/\/4oszlop.hu\/index.php\/wp-json\/wp\/v2\/media?parent=28"}],"curies":[{"name":"wp","href":"https:\/\/api.w.org\/{rel}","templated":true}]}}