{"id":29,"date":"2020-04-04T20:36:31","date_gmt":"2020-04-04T19:36:31","guid":{"rendered":"https:\/\/4oszlop.hu\/?page_id=29"},"modified":"2020-04-13T23:08:17","modified_gmt":"2020-04-13T22:08:17","slug":"taplalkozas","status":"publish","type":"page","link":"https:\/\/4oszlop.hu\/index.php\/taplalkozas\/","title":{"rendered":"T\u00e1pl\u00e1lkoz\u00e1s"},"content":{"rendered":"\n<p class=\"has-medium-font-size\">A t\u00e1pl\u00e1lkoz\u00e1s \u00e1ltal\u00e1nos szempontjai: <\/p>\n\n\n\n<ul><li>A legfontosabb \u00e9tkez\u00e9s a reggeli &#8211; legyen b\u0151s\u00e9ges (kitartson eb\u00e9dig) \u00e9s meleg!<\/li><li>Helyes ritmus &#8211; az em\u00e9szt\u0151rendszered m\u00e1r j\u00f3val az \u00e9tkez\u00e9s el\u0151tt elkezd felk\u00e9sz\u00fclni a finoms\u00e1gokra. Ha megv\u00e1ratod, vagy hirtelen megleped, azzal m\u00e1r eleve leterheled! Legyen rendszer az \u00e9tkez\u00e9sedben!<\/li><li>Sz\u00e1nj id\u0151t az \u00e9tkez\u00e9sre &#8211; a hapt\u00e1kban bev\u00e1gott \u00e9telt szint\u00e9n t\u00f6bbsz\u00f6r\u00f6s er\u0151befektet\u00e9s megem\u00e9szteni! A fogakat \u00e9s a ny\u00e1lat nem v\u00e9letlen\u00fcl tal\u00e1lt\u00e1k ki (azaz r\u00e1gj rendesen)!<\/li><li>Ha eszel, ne foglalkozz m\u00e1ssal, maximum az asztalt\u00e1rsakkal val\u00f3 kellemes besz\u00e9lget\u00e9s megengedett. Pr\u00f3b\u00e1ld meg \u00e9rezni az \u00edzeket, figyeld, hogy milyen harm\u00f3ni\u00e1k jelennek meg a sz\u00e1dban zamatok form\u00e1j\u00e1ban!<\/li><li>19h ut\u00e1n m\u00e1r ne egy\u00e9l (a szerv\u00f3ra alapj\u00e1n a Gyomor energiaszintje ekkor van a minimumon), egy kellemes (nem v\u00edzhajt\u00f3 hat\u00e1s\u00fa) gy\u00f3gytea elkortyolgat\u00e1sa azonban megengedett!<\/li><li>\u00c9tkez\u00e9sek alatt ne igy\u00e1l (n\u00e9h\u00e1ny kortyot lehet), a felh\u00edg\u00edtott em\u00e9szt\u0151nedveket ism\u00e9t koncentr\u00e1lni kell, mely tov\u00e1bbi megterhel\u00e9sekhez vezet<\/li><li>Ezen elvekt\u0151l val\u00f3 elt\u00e9r\u00e9s term\u00e9szetesen nem nagy probl\u00e9ma, ha eg\u00e9szs\u00e9gesek vagyunk \u00e9s nincs panaszunk az em\u00e9szt\u00e9s\u00fcnkre, ha nem jelentkezik az elszunnyaszt\u00f3 hat\u00e1s\u00fa &#8220;alhasi v\u00e9rb\u0151s\u00e9g&#8221; (k\u00f6znev\u00e9n &#8220;kajak\u00f3ma&#8221;). Ha azonban betegs\u00e9gb\u0151l szeretn\u00e9nk felgy\u00f3gyulni, illetve alkati gyenges\u00e9geinket szeretn\u00e9nk kompenz\u00e1lni, \u00fagy el\u0151bb-ut\u00f3bb k\u00e9nytelenek lesz\u00fcnk szigor\u00fabban odafigyelni \u00e9tkez\u00e9si szok\u00e1sainkra!<\/li><\/ul>\n\n\n\n<p><\/p>\n\n\n\n<p class=\"has-medium-font-size\">A 6 Nagycsatorna funkci\u00f3ihoz rendelhet\u0151 alkatok di\u00e9t\u00e1s tan\u00e1csai:<\/p>\n\n\n\n<div class=\"wp-block-image\"><figure class=\"alignright size-large is-resized\"><img loading=\"lazy\" decoding=\"async\" src=\"https:\/\/4oszlop.hu\/wp-content\/uploads\/2020\/04\/bull-1957810_1920-1024x854.jpg\" alt=\"\" class=\"wp-image-108\" width=\"289\" height=\"240\" srcset=\"https:\/\/4oszlop.hu\/wp-content\/uploads\/2020\/04\/bull-1957810_1920-1024x854.jpg 1024w, https:\/\/4oszlop.hu\/wp-content\/uploads\/2020\/04\/bull-1957810_1920-300x250.jpg 300w, https:\/\/4oszlop.hu\/wp-content\/uploads\/2020\/04\/bull-1957810_1920-768x640.jpg 768w, https:\/\/4oszlop.hu\/wp-content\/uploads\/2020\/04\/bull-1957810_1920.jpg 1509w\" sizes=\"(max-width: 289px) 100vw, 289px\" \/><\/figure><\/div>\n\n\n\n<p><strong>Testes Yang:<\/strong><br>Kezel\u00e9si elv: h\u0171teni, lass\u00edtani, mozgatni<\/p>\n\n\n\n<p>F\u0151 szempontok: <\/p>\n\n\n\n<ul><li> nyers \u00e9s n\u00f6v\u00e9nyi t\u00e1pl\u00e1l\u00e9kok ar\u00e1ny\u00e1nak n\u00f6vel\u00e9se <\/li><li>l\u00e9d\u00fas \u00e9telek fogyaszt\u00e1sa (pl. levesek, f\u0151zel\u00e9kek, p\u00e1rolt z\u00f6lds\u00e9g)<\/li><li>meleg\u00edt\u0151 hat\u00e1s\u00fa \u00e9telek ker\u00fcl\u00e9se (pl. gy\u00f6mb\u00e9r, bors, szegf\u0171szeg, hagyma, fah\u00e9j, \u00e1llati zsirad\u00e9kok, cukor)<\/li><li>savany\u00fa (\u00f6sszeh\u00faz, f\u00e9kez) \u00e9s keser\u0171 (megszil\u00e1rd\u00edt) \u00e9telek fogyaszt\u00e1sa<\/li><li>id\u0151szakos b\u00f6jt\u00f6l\u00e9s (pl. heti 1 nap)<\/li><\/ul>\n\n\n\n<p>Javasolt \u00e9telek: <em>rizs, k\u00f6les, \u00e1rpa, kukorica, almaecet, alma, k\u00f6rte, g\u00f6r\u00f6gdinnye, karal\u00e1b\u00e9, s\u00e1rgar\u00e9pa, feh\u00e9rr\u00e9pa, k\u00e1poszta (savany\u00edtva is), gomba, tofu, tengeri halak, z\u00f6ldbors\u00f3, z\u00f6ldbab, spen\u00f3t, vaj, tejf\u00f6l, kefir<\/em><\/p>\n\n\n\n<p>Ker\u00fclend\u0151 \u00e9telek:<em> aszalv\u00e1nyok, zs\u00edrd\u00fas \u00e9telek, zs\u00edros halak, lisztes, cukros \u00e9telek, sz\u00e1raz magvak, vadh\u00fasok, kolb\u00e1szf\u00e9l\u00e9k, alkohol<\/em><\/p>\n\n\n\n<p>Javasolt gy\u00f3gyn\u00f6v\u00e9nyek: <em>mentafajok, gyermekl\u00e1ncf\u0171, vasf\u0171, kat\u00e1ngk\u00f3r\u00f3, citromf\u0171<\/em><\/p>\n\n\n\n<p>.<\/p>\n\n\n\n<div class=\"wp-block-image\"><figure class=\"alignright size-large is-resized\"><img loading=\"lazy\" decoding=\"async\" src=\"https:\/\/4oszlop.hu\/wp-content\/uploads\/2020\/04\/gary-saldana-KRttQCXUjNI-unsplash-1024x768.jpg\" alt=\"\" class=\"wp-image-109\" width=\"295\" height=\"220\" srcset=\"https:\/\/4oszlop.hu\/wp-content\/uploads\/2020\/04\/gary-saldana-KRttQCXUjNI-unsplash-1024x768.jpg 1024w, https:\/\/4oszlop.hu\/wp-content\/uploads\/2020\/04\/gary-saldana-KRttQCXUjNI-unsplash-300x225.jpg 300w, https:\/\/4oszlop.hu\/wp-content\/uploads\/2020\/04\/gary-saldana-KRttQCXUjNI-unsplash-768x576.jpg 768w, https:\/\/4oszlop.hu\/wp-content\/uploads\/2020\/04\/gary-saldana-KRttQCXUjNI-unsplash-1536x1152.jpg 1536w, https:\/\/4oszlop.hu\/wp-content\/uploads\/2020\/04\/gary-saldana-KRttQCXUjNI-unsplash-2048x1536.jpg 2048w\" sizes=\"(max-width: 295px) 100vw, 295px\" \/><\/figure><\/div>\n\n\n\n<p><strong>Instabil Yin:<\/strong><br>Kezel\u00e9si elv: fokozatos ingerl\u00e9s, szab\u00e1lyozni<\/p>\n\n\n\n<p>F\u0151 szempontok:<\/p>\n\n\n\n<ul><li>keser\u0171, s\u00f3s, \u00e9des \u00edzek<\/li><li>enyh\u00e9n meleg\u00edt\u0151 hat\u00e1s\u00fa \u00e9telek<\/li><li>nyugodt \u00e9tkez\u00e9s itt k\u00fcl\u00f6n\u00f6sen fontos!<\/li><li>h\u00fasfogyaszt\u00e1s m\u00e9rs\u00e9kl\u00e9se (pl. heti 3 nap)<\/li><\/ul>\n\n\n\n<p>Javasolt \u00e9telek:<em> rizs, zab, b\u00faza, k\u00f6les, kukorica, napraforg\u00f3mag, szez\u00e1mmag, m\u00e9z, kacsa, csirke, galamb, \u0151z, f\u00fcge, dinny\u00e9k, \u0151szibarack, alma, sz\u0151l\u0151, cseresznye, alga, s\u00e1rgar\u00e9pa, k\u00e1poszta, uborka, sal\u00e1ta, artics\u00f3ka, s\u00fct\u0151t\u00f6k, krumpli<\/em><\/p>\n\n\n\n<p>Ker\u00fclend\u0151 \u00e9telek:<em> er\u0151s f\u0171szerek (H\u0151s\u00e9get termelnek!), toj\u00e1s s\u00fctve, \u00e1llati zsirad\u00e9kok, anan\u00e1sz, citrusf\u00e9l\u00e9k, h\u00fcvelyesek, gy\u00f6mb\u00e9r, k\u00e1v\u00e9, alkohol, ecet<\/em><\/p>\n\n\n\n<p>Javasolt gy\u00f3gyn\u00f6v\u00e9nyek: <em>\u00e9desgy\u00f6k\u00e9r, koml\u00f3, macskagy\u00f6k\u00e9r, \u00e9desk\u00f6m\u00e9ny, kamilla<\/em><\/p>\n\n\n\n<p>.<\/p>\n\n\n\n<div class=\"wp-block-image\"><figure class=\"alignright size-large is-resized\"><img loading=\"lazy\" decoding=\"async\" src=\"https:\/\/4oszlop.hu\/wp-content\/uploads\/2020\/04\/rhino-4706519_1920-1024x682.jpg\" alt=\"\" class=\"wp-image-110\" width=\"312\" height=\"207\" srcset=\"https:\/\/4oszlop.hu\/wp-content\/uploads\/2020\/04\/rhino-4706519_1920-1024x682.jpg 1024w, https:\/\/4oszlop.hu\/wp-content\/uploads\/2020\/04\/rhino-4706519_1920-300x200.jpg 300w, https:\/\/4oszlop.hu\/wp-content\/uploads\/2020\/04\/rhino-4706519_1920-768x512.jpg 768w, https:\/\/4oszlop.hu\/wp-content\/uploads\/2020\/04\/rhino-4706519_1920-1536x1023.jpg 1536w, https:\/\/4oszlop.hu\/wp-content\/uploads\/2020\/04\/rhino-4706519_1920.jpg 1920w\" sizes=\"(max-width: 312px) 100vw, 312px\" \/><\/figure><\/div>\n\n\n\n<p><strong>Testes Yin:<\/strong><br>Kezel\u00e9si elv: meleg\u00edteni, pangtalan\u00edtani<\/p>\n\n\n\n<p>F\u0151 szempontok: <\/p>\n\n\n\n<ul><li>savany\u00fa \u00e9s cs\u00edp\u0151s, keser\u0171 \u00edzek<\/li><li>b\u00f6jt\u00f6l\u00e9s nem javasolt<\/li><li>hideg \u00e9s nyers \u00e9telek ker\u00fcl\u00e9se<\/li><li>f\u0151tt \u00e9telek, komp\u00f3tok el\u0151nyben r\u00e9szes\u00edt\u00e9se<\/li><\/ul>\n\n\n\n<p>Javasolt \u00e9telek: <em>meleg\u00edt\u0151 f\u0171szerek (pl. mindazt, amit a forralt borba\/m\u00e9zes kal\u00e1csba beletenn\u00e9l\u2026), bab\u00e9rlev\u00e9l, kapor, bazsalikom, fokhagyma, feketebors, k\u00f6les, kukorica, toj\u00e1s, kakas, ty\u00fakh\u00fas, marha, birka, alma, cseresznye, gesztenye, s\u00e1rgar\u00e9pa, petrezselyem, hagyma, s\u00fct\u0151t\u00f6k, \u00e9deskrumpli<\/em><\/p>\n\n\n\n<p>Ker\u00fclend\u0151 \u00e9telek: <em>szez\u00e1mmag, teh\u00e9ntej, sajtok, csiga, tenger gy\u00fcm\u00f6lcsei, kacsa, citrusf\u00e9l\u00e9k, dinnye, mang\u00f3, nyers sal\u00e1ta, uborka, gomba, paradicsom<\/em><\/p>\n\n\n\n<p>Javasolt gy\u00f3gyn\u00f6v\u00e9nyek:<em> \u00e9desk\u00f6m\u00e9ny, \u00e9desgy\u00f6k\u00e9r, kakukkf\u0171, gy\u00f6mb\u00e9r<\/em><\/p>\n\n\n\n<p>.<\/p>\n\n\n\n<div class=\"wp-block-image\"><figure class=\"alignright size-large is-resized\"><img loading=\"lazy\" decoding=\"async\" src=\"https:\/\/4oszlop.hu\/wp-content\/uploads\/2020\/04\/red-meerkat-4844413_1920-1024x868.jpg\" alt=\"\" class=\"wp-image-111\" width=\"311\" height=\"262\"\/><\/figure><\/div>\n\n\n\n<p><strong>V\u00e9kony Yang:<\/strong><br>Kezel\u00e9si elv: t\u00e1pl\u00e1l\u00e1s (t\u00falzott meleg\u00edt\u00e9s n\u00e9lk\u00fcl), h\u0171t\u00e9s<\/p>\n\n\n\n<p>F\u0151 szempontok: <\/p>\n\n\n\n<ul><li>\u00e9des \u00e9s keser\u0171 \u00edzek<\/li><li>langyos \u00e9s meleg folyad\u00e9kok, levesek fogyaszt\u00e1sa<\/li><\/ul>\n\n\n\n<p>Javasolt \u00e9telek: <em>b\u00faza, rozs, zab, tofu, m\u00e9z, teh\u00e9ntej, kacsatoj\u00e1s, f\u00fcrj, baromfi f\u00e9l\u00e9k, ny\u00fal, citrom, f\u00fcge (nem aszalva!), alma, k\u00f6rte, mang\u00f3, dinnye, alga, uborka, sal\u00e1ta, gomba, spen\u00f3t, krumpli, b\u00fazacs\u00edra, aloe vera kivonat, probiotikum<\/em><\/p>\n\n\n\n<p>Ker\u00fclend\u0151 \u00e9telek: <em>alkohol, marhah\u00fas, birkah\u00fas, er\u0151s f\u0171szerek, meleg\u00edt\u0151 f\u0171szerek (fah\u00e9j, szegf\u0171szeg, gy\u00f6mb\u00e9r, bors, must\u00e1r, er\u0151s paprika), hajdina, f\u00e1c\u00e1n, kecskesajt, szilva, di\u00f3, gesztenye, sz\u0151l\u0151, fokhagyma, hagyma, aszalv\u00e1nyok, alkohol<\/em><\/p>\n\n\n\n<p>Javasolt gy\u00f3gyn\u00f6v\u00e9nyek: <em>menta, \u00e9desgy\u00f6k\u00e9r, citromf\u0171<\/em><\/p>\n\n\n\n<p>.<\/p>\n\n\n\n<div class=\"wp-block-image\"><figure class=\"alignright size-large is-resized\"><img loading=\"lazy\" decoding=\"async\" src=\"https:\/\/4oszlop.hu\/wp-content\/uploads\/2020\/04\/marc-szeglat-VbP9v1rh-sc-unsplash-1024x683.jpg\" alt=\"\" class=\"wp-image-112\" width=\"364\" height=\"242\" srcset=\"https:\/\/4oszlop.hu\/wp-content\/uploads\/2020\/04\/marc-szeglat-VbP9v1rh-sc-unsplash-1024x683.jpg 1024w, https:\/\/4oszlop.hu\/wp-content\/uploads\/2020\/04\/marc-szeglat-VbP9v1rh-sc-unsplash-300x200.jpg 300w, https:\/\/4oszlop.hu\/wp-content\/uploads\/2020\/04\/marc-szeglat-VbP9v1rh-sc-unsplash-768x512.jpg 768w, https:\/\/4oszlop.hu\/wp-content\/uploads\/2020\/04\/marc-szeglat-VbP9v1rh-sc-unsplash-1536x1024.jpg 1536w, https:\/\/4oszlop.hu\/wp-content\/uploads\/2020\/04\/marc-szeglat-VbP9v1rh-sc-unsplash-2048x1365.jpg 2048w\" sizes=\"(max-width: 364px) 100vw, 364px\" \/><\/figure><\/div>\n\n\n\n<p><strong>Instabil Yang:<\/strong><br>Kezel\u00e9si elv: h\u0171teni, szab\u00e1lyozni<\/p>\n\n\n\n<p>F\u0151 szempontok:<\/p>\n\n\n\n<ul><li> keser\u0171, s\u00f3s, n\u00e9mi savany\u00fa \u00edzvil\u00e1g <\/li><li>nyers \u00e9telek fogyaszt\u00e1sa<\/li><li>cs\u00edp\u0151s, f\u0171szeres, zs\u00edros, cukros \u00e9telek ker\u00fcl\u00e9se<\/li><\/ul>\n\n\n\n<p>Javasolt \u00e9telek:<em> kapor, oreg\u00e1n\u00f3, b\u00faza, zab, k\u00f6les, tofu, rizs, bors\u00f3, napraforg\u00f3mag, mogyor\u00f3, l\u00e1gytoj\u00e1s, kacsa, liba, csirke, marha, mandarin, citrom, f\u00fcge, dinnye, alma, k\u00f6rte, t\u00f6k, sp\u00e1rga, gomba, paradicsom, gomba, s\u00f3ska, spen\u00f3t, uborka, sal\u00e1ta <\/em><\/p>\n\n\n\n<p>Ker\u00fclend\u0151 \u00e9telek:<em> alkohol, k\u00e1v\u00e9, di\u00f3, hajdina, pulyka, birka, barackok, cseresznye, hagyma, er\u0151s f\u0171szerek<\/em><\/p>\n\n\n\n<p>Javasolt gy\u00f3gyn\u00f6v\u00e9nyek: <em>menta fajok, \u00e9desgy\u00f6k\u00e9r, \u00e9desk\u00f6m\u00e9ny, macskagy\u00f6k\u00e9r, koml\u00f3, citromf\u0171, gyermekl\u00e1ncf\u0171<\/em><\/p>\n\n\n\n<p>.<\/p>\n\n\n\n<div class=\"wp-block-image\"><figure class=\"alignright size-large is-resized\"><img loading=\"lazy\" decoding=\"async\" src=\"https:\/\/4oszlop.hu\/wp-content\/uploads\/2020\/04\/oszapo-4720561_1920-683x1024.jpg\" alt=\"\" class=\"wp-image-113\" width=\"251\" height=\"376\" srcset=\"https:\/\/4oszlop.hu\/wp-content\/uploads\/2020\/04\/oszapo-4720561_1920-683x1024.jpg 683w, https:\/\/4oszlop.hu\/wp-content\/uploads\/2020\/04\/oszapo-4720561_1920-200x300.jpg 200w, https:\/\/4oszlop.hu\/wp-content\/uploads\/2020\/04\/oszapo-4720561_1920-768x1152.jpg 768w, https:\/\/4oszlop.hu\/wp-content\/uploads\/2020\/04\/oszapo-4720561_1920-1024x1536.jpg 1024w, https:\/\/4oszlop.hu\/wp-content\/uploads\/2020\/04\/oszapo-4720561_1920.jpg 1280w\" sizes=\"(max-width: 251px) 100vw, 251px\" \/><\/figure><\/div>\n\n\n\n<p><strong>V\u00e9kony Yin:<\/strong><br>Kezel\u00e9si elv: t\u00e1pl\u00e1l\u00e1s, toniz\u00e1l\u00e1s<\/p>\n\n\n\n<p>F\u0151 szempontok:<\/p>\n\n\n\n<ul><li>\u00e9des \u00e9s s\u00f3s \u00edzek<\/li><li>t\u00e1pl\u00e1l\u00f3, meleg \u00e9telek \u00e9s folyad\u00e9kok fogyaszt\u00e1sa<\/li><li>t\u00falzottan meleg\u00edt\u0151, ill. h\u0171t\u0151 hat\u00e1s\u00fa \u00e9telek ker\u00fcl\u00e9se<\/li><\/ul>\n\n\n\n<p>Javasolt \u00e9telek:<em> fokhagyma, hagyma, szegf\u0171szeg, f\u0151tt gabon\u00e1k, h\u00fcvelyesek, di\u00f3, piszt\u00e1cia, szez\u00e1mmag, toj\u00e1s, f\u00fcrjtoj\u00e1s, m\u00e9z, kagyl\u00f3, sz\u00e1rnyasok, f\u00e1c\u00e1n, csirkem\u00e1j, vadh\u00fasok, alma, k\u00f6rte (komp\u00f3t!), \u0151szibarack, cseresznye, sz\u0151l\u0151, t\u00f6k, s\u00fct\u0151t\u00f6k, padlizs\u00e1n, s\u00e1rgar\u00e9pa, spen\u00f3t, csukam\u00e1j olaj<\/em><\/p>\n\n\n\n<p>Ker\u00fclend\u0151 \u00e9telek: <em>tej, savany\u00fa gy\u00fcm\u00f6lcs\u00f6k<\/em><\/p>\n\n\n\n<p>Javasolt gy\u00f3gyn\u00f6v\u00e9nyek: <em>\u00e1nizs, kamilla, \u00e9desgy\u00f6k\u00e9r, galagonya<\/em><\/p>\n ","protected":false},"excerpt":{"rendered":"<p>A t\u00e1pl\u00e1lkoz\u00e1s \u00e1ltal\u00e1nos szempontjai: A legfontosabb \u00e9tkez\u00e9s a reggeli &#8211; legyen b\u0151s\u00e9ges (kitartson eb\u00e9dig) \u00e9s meleg! Helyes ritmus &#8211; az em\u00e9szt\u0151rendszered m\u00e1r j\u00f3val az \u00e9tkez\u00e9s el\u0151tt elkezd felk\u00e9sz\u00fclni a finoms\u00e1gokra. Ha megv\u00e1ratod, vagy hirtelen megleped, azzal m\u00e1r eleve leterheled! Legyen rendszer az \u00e9tkez\u00e9sedben! Sz\u00e1nj id\u0151t az \u00e9tkez\u00e9sre &#8211; a hapt\u00e1kban bev\u00e1gott \u00e9telt szint\u00e9n t\u00f6bbsz\u00f6r\u00f6s er\u0151befektet\u00e9s <a class=\"read-more\" href=\"https:\/\/4oszlop.hu\/index.php\/taplalkozas\/\">Read More<\/a><\/p>\n","protected":false},"author":1,"featured_media":0,"parent":0,"menu_order":0,"comment_status":"closed","ping_status":"closed","template":"","meta":{"footnotes":""},"_links":{"self":[{"href":"https:\/\/4oszlop.hu\/index.php\/wp-json\/wp\/v2\/pages\/29"}],"collection":[{"href":"https:\/\/4oszlop.hu\/index.php\/wp-json\/wp\/v2\/pages"}],"about":[{"href":"https:\/\/4oszlop.hu\/index.php\/wp-json\/wp\/v2\/types\/page"}],"author":[{"embeddable":true,"href":"https:\/\/4oszlop.hu\/index.php\/wp-json\/wp\/v2\/users\/1"}],"replies":[{"embeddable":true,"href":"https:\/\/4oszlop.hu\/index.php\/wp-json\/wp\/v2\/comments?post=29"}],"version-history":[{"count":9,"href":"https:\/\/4oszlop.hu\/index.php\/wp-json\/wp\/v2\/pages\/29\/revisions"}],"predecessor-version":[{"id":129,"href":"https:\/\/4oszlop.hu\/index.php\/wp-json\/wp\/v2\/pages\/29\/revisions\/129"}],"wp:attachment":[{"href":"https:\/\/4oszlop.hu\/index.php\/wp-json\/wp\/v2\/media?parent=29"}],"curies":[{"name":"wp","href":"https:\/\/api.w.org\/{rel}","templated":true}]}}