{"id":30,"date":"2020-04-04T20:36:31","date_gmt":"2020-04-04T19:36:31","guid":{"rendered":"https:\/\/4oszlop.hu\/?page_id=30"},"modified":"2020-04-05T22:10:10","modified_gmt":"2020-04-05T21:10:10","slug":"linkek","status":"publish","type":"page","link":"https:\/\/4oszlop.hu\/index.php\/linkek\/","title":{"rendered":"Linkek"},"content":{"rendered":"\n<p>Giovanni Maciocia (+) blogja:  <a href=\"http:\/\/maciociaonline.blogspot.com\/\" target=\"_blank\" rel=\"noreferrer noopener\" aria-label=\" (opens in a new tab)\">http:\/\/maciociaonline.blogspot.com\/<\/a><\/p>\n\n\n\n<p>Egy j\u00f3 5Elem akupunkt\u00far\u00e1s blog: <a rel=\"noreferrer noopener\" aria-label=\" (opens in a new tab)\" href=\"http:\/\/norafranglen.blogspot.com\/\" target=\"_blank\">http:\/\/norafranglen.blogspot.com\/<\/a><\/p>\n\n\n\n<p>Amit a k\u00ednai konyh\u00e1r\u00f3l \u00e9s az 5elemes t\u00e1pl\u00e1lkoz\u00e1sr\u00f3l tudni \u00e9rdems: <a href=\"https:\/\/5elemkonyha.hu\/\" target=\"_blank\" rel=\"noreferrer noopener\" aria-label=\" (opens in a new tab)\">https:\/\/5elemkonyha.hu\/<\/a><\/p>\n\n\n\n<p>Akupunkt\u00fara \u00e9s sinol\u00f3gia: <a href=\"http:\/\/www.elisabeth-rochat.com\/home.html\" target=\"_blank\" rel=\"noreferrer noopener\" aria-label=\" (opens in a new tab)\">http:\/\/www.elisabeth-rochat.com\/home.html<\/a><\/p>\n\n\n\n<p>Jean Choain-r\u00f3l, \u00e9s a megjelent cikkei: <a href=\"http:\/\/www.gera.fr\/formations-medicales\/histoire-acupuncture-mtc-occident\/figures-medecine-chinoise-acupuncture-occident\/choain\" target=\"_blank\" rel=\"noreferrer noopener\" aria-label=\" (opens in a new tab)\">http:\/\/www.gera.fr\/formations-medicales\/histoire-acupuncture-mtc-occident\/figures-medecine-chinoise-acupuncture-occident\/choain<\/a><\/p>\n\n\n\n<p>Egy j\u00f3 akupunkt\u00far\u00e1s magazin: <a rel=\"noreferrer noopener\" aria-label=\" (opens in a new tab)\" href=\"https:\/\/www.acupuncturetoday.com\/\" target=\"_blank\">https:\/\/www.acupuncturetoday.com\/<\/a><\/p>\n\n\n\n<p>Gy\u00f3gyn\u00f6v\u00e9nyekr\u0151l a k\u00ednai orvosl\u00e1s szemsz\u00f6g\u00e9b\u0151l: <a rel=\"noreferrer noopener\" aria-label=\" (opens in a new tab)\" href=\"https:\/\/www.whiterabbitinstituteofhealing.com\/\" target=\"_blank\">https:\/\/www.whiterabbitinstituteofhealing.com\/<\/a><\/p>\n\n\n\n<p>Filoz\u00f3fiai iskola: <a rel=\"noreferrer noopener\" aria-label=\" (opens in a new tab)\" href=\"https:\/\/www.ujakropolisz.hu\/\" target=\"_blank\">https:\/\/www.ujakropolisz.hu\/<\/a> <\/p>\n\n\n\n<p>Akiknek a keze biztosan aranyat \u00e9r:<br>   Dr. N\u00e9meth Istv\u00e1n: <a rel=\"noreferrer noopener\" aria-label=\" (opens in a new tab)\" href=\"http:\/\/3kincs.hu\" target=\"_blank\">http:\/\/3kincs.hu<\/a><br>   Dr. Sa\u00e1ry Korn\u00e9lia: <a rel=\"noreferrer noopener\" aria-label=\" (opens in a new tab)\" href=\"http:\/\/www.drsaarykornelia.hu\/\" target=\"_blank\">http:\/\/www.drsaarykornelia.hu\/<\/a><\/p>\n ","protected":false},"excerpt":{"rendered":"<p>Giovanni Maciocia (+) blogja: http:\/\/maciociaonline.blogspot.com\/ Egy j\u00f3 5Elem akupunkt\u00far\u00e1s blog: http:\/\/norafranglen.blogspot.com\/ Amit a k\u00ednai konyh\u00e1r\u00f3l \u00e9s az 5elemes t\u00e1pl\u00e1lkoz\u00e1sr\u00f3l tudni \u00e9rdems: https:\/\/5elemkonyha.hu\/ Akupunkt\u00fara \u00e9s sinol\u00f3gia: http:\/\/www.elisabeth-rochat.com\/home.html Jean Choain-r\u00f3l, \u00e9s a megjelent cikkei: http:\/\/www.gera.fr\/formations-medicales\/histoire-acupuncture-mtc-occident\/figures-medecine-chinoise-acupuncture-occident\/choain Egy j\u00f3 akupunkt\u00far\u00e1s magazin: https:\/\/www.acupuncturetoday.com\/ Gy\u00f3gyn\u00f6v\u00e9nyekr\u0151l a k\u00ednai orvosl\u00e1s szemsz\u00f6g\u00e9b\u0151l: https:\/\/www.whiterabbitinstituteofhealing.com\/ Filoz\u00f3fiai iskola: https:\/\/www.ujakropolisz.hu\/ Akiknek a keze biztosan aranyat \u00e9r: Dr. N\u00e9meth <a class=\"read-more\" href=\"https:\/\/4oszlop.hu\/index.php\/linkek\/\">Read More<\/a><\/p>\n","protected":false},"author":1,"featured_media":0,"parent":0,"menu_order":0,"comment_status":"closed","ping_status":"closed","template":"","meta":{"footnotes":""},"_links":{"self":[{"href":"https:\/\/4oszlop.hu\/index.php\/wp-json\/wp\/v2\/pages\/30"}],"collection":[{"href":"https:\/\/4oszlop.hu\/index.php\/wp-json\/wp\/v2\/pages"}],"about":[{"href":"https:\/\/4oszlop.hu\/index.php\/wp-json\/wp\/v2\/types\/page"}],"author":[{"embeddable":true,"href":"https:\/\/4oszlop.hu\/index.php\/wp-json\/wp\/v2\/users\/1"}],"replies":[{"embeddable":true,"href":"https:\/\/4oszlop.hu\/index.php\/wp-json\/wp\/v2\/comments?post=30"}],"version-history":[{"count":5,"href":"https:\/\/4oszlop.hu\/index.php\/wp-json\/wp\/v2\/pages\/30\/revisions"}],"predecessor-version":[{"id":84,"href":"https:\/\/4oszlop.hu\/index.php\/wp-json\/wp\/v2\/pages\/30\/revisions\/84"}],"wp:attachment":[{"href":"https:\/\/4oszlop.hu\/index.php\/wp-json\/wp\/v2\/media?parent=30"}],"curies":[{"name":"wp","href":"https:\/\/api.w.org\/{rel}","templated":true}]}}